{"id":31454,"date":"2021-11-29T14:08:43","date_gmt":"2021-11-29T14:08:43","guid":{"rendered":"http:\/\/www.cameraitalianabarcelona.com\/?page_id=31454\/"},"modified":"2021-11-29T14:08:43","modified_gmt":"2021-11-29T14:08:43","slug":"buy-wine-2022-vuelve-en-formato-presencial","status":"publish","type":"page","link":"http:\/\/www.cameraitalianabarcelona.com\/it\/buy-wine-2022-vuelve-en-formato-presencial\/","title":{"rendered":"BUY WINE 2022 VUELVE EN FORMATO PRESENCIAL"},"content":{"rendered":"<p style=\"text-align: justify;\"><span style=\"color: #000000;\"><img loading=\"lazy\" decoding=\"async\" class=\"wp-image-31439 size-large\" src=\"http:\/\/www.cameraitalianabarcelona.com\/wp-content\/uploads\/2021\/11\/foto-01-1024x343.png\" alt=\"\" width=\"1024\" height=\"343\" srcset=\"http:\/\/www.cameraitalianabarcelona.com\/wp-content\/uploads\/2021\/11\/foto-01-1024x343.png 1024w, http:\/\/www.cameraitalianabarcelona.com\/wp-content\/uploads\/2021\/11\/foto-01-300x100.png 300w, http:\/\/www.cameraitalianabarcelona.com\/wp-content\/uploads\/2021\/11\/foto-01-768x257.png 768w, http:\/\/www.cameraitalianabarcelona.com\/wp-content\/uploads\/2021\/11\/foto-01-1536x514.png 1536w, http:\/\/www.cameraitalianabarcelona.com\/wp-content\/uploads\/2021\/11\/foto-01-330x110.png 330w, http:\/\/www.cameraitalianabarcelona.com\/wp-content\/uploads\/2021\/11\/foto-01-900x300.png 900w, http:\/\/www.cameraitalianabarcelona.com\/wp-content\/uploads\/2021\/11\/foto-01-736x246.png 736w, http:\/\/www.cameraitalianabarcelona.com\/wp-content\/uploads\/2021\/11\/foto-01-1280x429.png 1280w, http:\/\/www.cameraitalianabarcelona.com\/wp-content\/uploads\/2021\/11\/foto-01-414x139.png 414w, http:\/\/www.cameraitalianabarcelona.com\/wp-content\/uploads\/2021\/11\/foto-01.png 1801w\" sizes=\"auto, (max-width: 1024px) 100vw, 1024px\" \/><\/span><\/p>\n<p style=\"text-align: justify;\"><span style=\"color: #000000;\">La duod\u00e9cima edici\u00f3n del exclusivo evento B2B entre compradores internacionales y en\u00f3logos toscanos se llevar\u00e1 a cabo en <strong>Florencia<\/strong> los d\u00edas <strong>11 y 12 de febrero de 2022<\/strong>.<\/span><\/p>\n<p style=\"text-align: justify;\"><span style=\"color: #000000;\"><strong>120 compradores e importadores<\/strong> <strong>internacionales<\/strong> ser\u00e1n seleccionados y alojados en Florencia para un <strong>programa de 3 d\u00edas<\/strong> de reuniones de negocios y actividades en profundidad.<\/span><\/p>\n<p style=\"text-align: justify;\"><span style=\"color: #000000;\">Durante BuyWine Toscana 200 bodegas toscanas exhibir\u00e1n lo mejor de los vinos de las denominaciones regionales.<\/span><\/p>\n<p style=\"text-align: justify;\"><span style=\"color: #000000;\">Las reuniones B2B se programar\u00e1n en 2 d\u00edas h\u00e1biles y tendr\u00e1n lugar en la Fortezza da Basso de Florencia, en el centro hist\u00f3rico de la ciudad.<\/span><\/p>\n<p style=\"text-align: justify;\">&nbsp;<\/p>\n<p style=\"text-align: justify;\"><span style=\"color: #000000;\"><strong>SERVICIOS OFRECIDOS Y CONDICIONES DE PARTICIPACION<\/strong><\/span><\/p>\n<p style=\"text-align: justify;\"><span style=\"color: #000000;\">La cuota de participaci\u00f3n de <strong>180,00 \u20ac incluye<\/strong>:<\/span><\/p>\n<ol>\n<li><span style=\"color: #000000;\">vuelo ida\/vuelta (fechas del 10 al 13 de Febrero)<\/span><\/li>\n<li><span style=\"color: #000000;\">Estancia de 3 noches en un hotel en el centro de Florencia<\/span><\/li>\n<li><span style=\"color: #000000;\">almuerzos durante el evento<\/span><\/li>\n<li><span style=\"color: #000000;\">traslados locales (incluido desde y hasta el aeropuerto de Florencia)<\/span><\/li>\n<li><span style=\"color: #000000;\">agenda de reuniones personal y cat\u00e1logo completo en l\u00ednea<\/span><\/li>\n<\/ol>\n<p style=\"text-align: justify;\"><span style=\"color: #000000;\">Las cuotas deben pagarse online con tarjeta de cr\u00e9dito, al momento de firmar el contrato de participaci\u00f3n y antes de que se emita el billete de avi\u00f3n.<\/span><\/p>\n<p style=\"text-align: justify;\"><span style=\"color: #000000;\">Los compradores participantes deben presentar una prueba &nbsp;EU Green Pass o Covid negativa y tener un pasaporte v\u00e1lido (al menos 6 meses a partir de la fecha de llegada a Italia).<\/span><\/p>\n<p style=\"text-align: justify;\">&nbsp;<\/p>\n<p style=\"text-align: justify;\"><span style=\"color: #000000;\">Enviar un email a&nbsp;<a style=\"color: #000000;\" href=\"mailto:emanuelaesposito@camaraitaliana.com\">emanuelaesposito@camaraitaliana.com<\/a> para recibir el enlace de registraci\u00f3n.<\/span><\/p>\n<p><img loading=\"lazy\" decoding=\"async\" class=\"aligncenter wp-image-31440 size-large\" src=\"http:\/\/www.cameraitalianabarcelona.com\/wp-content\/uploads\/2021\/11\/foto-02-1-1024x620.jpg\" alt=\"\" width=\"1024\" height=\"620\" srcset=\"http:\/\/www.cameraitalianabarcelona.com\/wp-content\/uploads\/2021\/11\/foto-02-1-1024x620.jpg 1024w, http:\/\/www.cameraitalianabarcelona.com\/wp-content\/uploads\/2021\/11\/foto-02-1-300x182.jpg 300w, http:\/\/www.cameraitalianabarcelona.com\/wp-content\/uploads\/2021\/11\/foto-02-1-768x465.jpg 768w, http:\/\/www.cameraitalianabarcelona.com\/wp-content\/uploads\/2021\/11\/foto-02-1-330x200.jpg 330w, http:\/\/www.cameraitalianabarcelona.com\/wp-content\/uploads\/2021\/11\/foto-02-1-684x414.jpg 684w, http:\/\/www.cameraitalianabarcelona.com\/wp-content\/uploads\/2021\/11\/foto-02-1-414x250.jpg 414w, http:\/\/www.cameraitalianabarcelona.com\/wp-content\/uploads\/2021\/11\/foto-02-1-100x60.jpg 100w, http:\/\/www.cameraitalianabarcelona.com\/wp-content\/uploads\/2021\/11\/foto-02-1.jpg 1200w\" sizes=\"auto, (max-width: 1024px) 100vw, 1024px\" \/><\/p>\n","protected":false},"excerpt":{"rendered":"<p>La duod\u00e9cima edici\u00f3n del exclusivo evento B2B entre compradores internacionales y en\u00f3logos toscanos se llevar\u00e1 a cabo en Florencia los d\u00edas 11 y 12 de febrero de 2022. 120 compradores e importadores internacionales ser\u00e1n seleccionados y alojados en Florencia para un programa de 3 d\u00edas de reuniones de negocios y actividades en profundidad. Durante BuyWine [&hellip;]<\/p>\n","protected":false},"author":2,"featured_media":0,"parent":0,"menu_order":0,"comment_status":"closed","ping_status":"closed","template":"","meta":{"_exactmetrics_skip_tracking":false,"_exactmetrics_sitenote_active":false,"_exactmetrics_sitenote_note":"","_exactmetrics_sitenote_category":0,"ngg_post_thumbnail":0,"footnotes":""},"class_list":["post-31454","page","type-page","status-publish","hentry"],"_links":{"self":[{"href":"http:\/\/www.cameraitalianabarcelona.com\/it\/wp-json\/wp\/v2\/pages\/31454","targetHints":{"allow":["GET"]}}],"collection":[{"href":"http:\/\/www.cameraitalianabarcelona.com\/it\/wp-json\/wp\/v2\/pages"}],"about":[{"href":"http:\/\/www.cameraitalianabarcelona.com\/it\/wp-json\/wp\/v2\/types\/page"}],"author":[{"embeddable":true,"href":"http:\/\/www.cameraitalianabarcelona.com\/it\/wp-json\/wp\/v2\/users\/2"}],"replies":[{"embeddable":true,"href":"http:\/\/www.cameraitalianabarcelona.com\/it\/wp-json\/wp\/v2\/comments?post=31454"}],"version-history":[{"count":1,"href":"http:\/\/www.cameraitalianabarcelona.com\/it\/wp-json\/wp\/v2\/pages\/31454\/revisions"}],"predecessor-version":[{"id":31455,"href":"http:\/\/www.cameraitalianabarcelona.com\/it\/wp-json\/wp\/v2\/pages\/31454\/revisions\/31455"}],"wp:attachment":[{"href":"http:\/\/www.cameraitalianabarcelona.com\/it\/wp-json\/wp\/v2\/media?parent=31454"}],"curies":[{"name":"wp","href":"https:\/\/api.w.org\/{rel}","templated":true}]}}