{"id":30356,"date":"2020-10-21T13:27:45","date_gmt":"2020-10-21T13:27:45","guid":{"rendered":"http:\/\/www.cameraitalianabarcelona.com\/?page_id=30356\/"},"modified":"2022-08-10T09:44:03","modified_gmt":"2022-08-10T09:44:03","slug":"beer-and-food-attracion-2021","status":"publish","type":"page","link":"http:\/\/www.cameraitalianabarcelona.com\/it\/beer-and-food-attracion-2021\/","title":{"rendered":"BEER AND FOOD ATTRACION 2021"},"content":{"rendered":"<h4 style=\"text-align: center;\"><span style=\"color: #000000;\"><strong>BEER&amp;FOOD ATTRACTION e BBTECH EXPO <\/strong><\/span><\/h4>\n<h4 style=\"text-align: center;\"><span style=\"color: #000000;\"><strong>NEL 2021 SARANNO EVENTI 100% DIGITALI<\/strong><\/span><\/h4>\n<p><img loading=\"lazy\" decoding=\"async\" class=\"aligncenter size-large wp-image-30339\" src=\"http:\/\/www.cameraitalianabarcelona.com\/wp-content\/uploads\/2020\/10\/bicchiere-1024x511.jpeg\" alt=\"\" width=\"1024\" height=\"511\" srcset=\"http:\/\/www.cameraitalianabarcelona.com\/wp-content\/uploads\/2020\/10\/bicchiere-1024x511.jpeg 1024w, http:\/\/www.cameraitalianabarcelona.com\/wp-content\/uploads\/2020\/10\/bicchiere-300x150.jpeg 300w, http:\/\/www.cameraitalianabarcelona.com\/wp-content\/uploads\/2020\/10\/bicchiere-768x383.jpeg 768w, http:\/\/www.cameraitalianabarcelona.com\/wp-content\/uploads\/2020\/10\/bicchiere-1536x766.jpeg 1536w, http:\/\/www.cameraitalianabarcelona.com\/wp-content\/uploads\/2020\/10\/bicchiere-330x165.jpeg 330w, http:\/\/www.cameraitalianabarcelona.com\/wp-content\/uploads\/2020\/10\/bicchiere-600x300.jpeg 600w, http:\/\/www.cameraitalianabarcelona.com\/wp-content\/uploads\/2020\/10\/bicchiere-1200x600.jpeg 1200w, http:\/\/www.cameraitalianabarcelona.com\/wp-content\/uploads\/2020\/10\/bicchiere-736x367.jpeg 736w, http:\/\/www.cameraitalianabarcelona.com\/wp-content\/uploads\/2020\/10\/bicchiere-1280x638.jpeg 1280w, http:\/\/www.cameraitalianabarcelona.com\/wp-content\/uploads\/2020\/10\/bicchiere-414x206.jpeg 414w, http:\/\/www.cameraitalianabarcelona.com\/wp-content\/uploads\/2020\/10\/bicchiere.jpeg 1604w\" sizes=\"auto, (max-width: 1024px) 100vw, 1024px\" \/><\/p>\n<p><span style=\"color: #000000;\"><strong>Denominazione:&nbsp; BEER&amp;FOOD ATTRACTION<\/strong>, <em>The Eating Out Experience Show&nbsp;<\/em><\/span><\/p>\n<p style=\"text-align: justify;\"><span style=\"color: #000000;\"><strong>Edizione: <\/strong>7<\/span><\/p>\n<p style=\"text-align: justify;\"><span style=\"color: #000000;\"><strong>Frequenza<\/strong>: Annuale<\/span><\/p>\n<p><span style=\"color: #000000;\"><strong>Settore<\/strong>: Craft Beers, Speciality Beers, Food, Wine &amp; Spirits, Water &amp; Soft drinks.<\/span><\/p>\n<p><span style=\"color: #000000;\"><strong>Si celebra con:&nbsp;BB TECH EXPO<\/strong>, <em>Fiera professionale di tecnologie di birre e bibite<\/em><\/span><\/p>\n<p><span style=\"color: #000000;\"><strong>Settore<\/strong>: Tecnologie, attrezzature e accessori per la produzione e l&#8217;imballaggio<\/span><\/p>\n<p><span style=\"color: #000000;\"><strong>Luogo<\/strong>: Rimini, Expo Center<\/span><\/p>\n<p><span style=\"color: #000000;\"><strong>Data:<\/strong> 12 &#8211; 24 Aprile 2021<\/span><\/p>\n<p><span style=\"color: #000000;\"><strong>Superfice totale:&nbsp;<\/strong>10 padiglioni<\/span><\/p>\n<p><span style=\"color: #000000;\"><strong>Visitatori<\/strong>: Operatori professionali<\/span><\/p>\n<p><span style=\"color: #000000;\"><strong>Exspositori febbraio 2020:&nbsp;<\/strong>600 espositori +40% del 2019<\/span><\/p>\n<p><span style=\"color: #000000;\"><strong>Visitatori febbraio 2020:&nbsp;<\/strong>33.000 visitatori \u2013 1.047 meetings B2b con pi\u00f9 di 1300 buyers professionali provenienti da 70 paesi (+ 30% del 2019) \u2013 250 giornalisti e bloggers\/influencers presenti<\/span><\/p>\n<p style=\"text-align: justify;\"><span style=\"color: #000000;\"><strong>Contatto:<\/strong><strong>&nbsp;<\/strong>CCIB \u2013 Emanuela Esposito<\/span><\/p>\n<p style=\"text-align: justify;\"><span style=\"color: #000000;\"><strong>Telefono:<\/strong><strong>&nbsp;<\/strong>+34 93 318 4999<\/span><\/p>\n<p><span style=\"color: #000000;\"><strong>Email:<\/strong><strong>&nbsp;<\/strong><\/span><a href=\"mailto:emanuelaesposito@camaraitaliana.com\">emanuelaesposito@camaraitaliana.com<\/a><\/p>\n<p><span style=\"color: #000000;\"><strong>Web: <\/strong><\/span><a href=\"http:\/\/www.beerandfoodattraction.it\">www.beerandfoodattraction.it<\/a> &#8211; <a href=\"https:\/\/en.bbtechexpo.com\/\"><span style=\"color: #000000;\">www.bbtechexpo.com<\/span><\/a><\/p>\n<p><span style=\"color: #000000;\"><strong>Aree espositive:<\/strong>&nbsp;<\/span><\/p>\n<ul>\n<li><span style=\"color: #000000;\">Craft Beers<\/span><\/li>\n<li><span style=\"color: #000000;\">Birre speciali<\/span><\/li>\n<li><span style=\"color: #000000;\">Vini e liquori<\/span><\/li>\n<li><span style=\"color: #000000;\">Acqua, succhi, analocolici<\/span><\/li>\n<li><span style=\"color: #000000;\">Prodotti alimentari per la ristorazione<\/span><\/li>\n<li><span style=\"color: #000000;\">Pizza<\/span><\/li>\n<li><span style=\"color: #000000;\">Surgelati<\/span><\/li>\n<li><span style=\"color: #000000;\">Specialit\u00e0 regionali<\/span><\/li>\n<li><span style=\"color: #000000;\">Tecnologie per la ristorazione<\/span><\/li>\n<\/ul>\n<p>&nbsp;<\/p>\n<p><span style=\"color: #000000;\"><strong>Profilo visitatore:&nbsp;<\/strong>\u2022 Restauranti, Bar, Pizzerie, Pubs \u2022 Birrerie \u2022 Catering \/ Franchising \u2022 Import \/ Export \u2022 Hotel \u2022 Enoteche \u2022 Produttori \u2022 Distributori \u2022 Gdo \u2022 Grossisti di bevande e alimenti<\/span><\/p>\n<p style=\"text-align: justify;\"><span style=\"color: #000000;\"><strong>Beer &amp; Food Attraction<\/strong>, l&#8217;unico evento in Europa dedicato all&#8217;esperienza del mangiare fuori casa, si terr\u00e0 <strong>dal 21 al 24 febbraio 2021<\/strong> presso il quartiere fieristico di Rimini.<\/span><\/p>\n<p style=\"text-align: justify;\"><span style=\"color: #000000;\">L&#8217;edizione 2021 \u00e8 dedicata esclusivamente ai professionisti dell&#8217;HoReCa e consolider\u00e0 il ruolo principale delle birre insieme al settore food and beverage pi\u00f9 attuale e creativo: un format originale e innovativo dove le specialit\u00e0 culinarie si sposano con quelle della birra.<\/span><\/p>\n<p style=\"text-align: justify;\"><span style=\"color: #000000;\">In Beer&amp;Food Attraction ogni anno si svolgono concorsi, campionati, premi, degustazioni, show cooking e molte attivit\u00e0 legate al mondo della birra e della gastronomia.<\/span><\/p>\n<p><strong><img loading=\"lazy\" decoding=\"async\" class=\"aligncenter size-large wp-image-30340\" src=\"http:\/\/www.cameraitalianabarcelona.com\/wp-content\/uploads\/2020\/10\/tech-1024x511.jpeg\" alt=\"\" width=\"1024\" height=\"511\" srcset=\"http:\/\/www.cameraitalianabarcelona.com\/wp-content\/uploads\/2020\/10\/tech-1024x511.jpeg 1024w, http:\/\/www.cameraitalianabarcelona.com\/wp-content\/uploads\/2020\/10\/tech-300x150.jpeg 300w, http:\/\/www.cameraitalianabarcelona.com\/wp-content\/uploads\/2020\/10\/tech-768x383.jpeg 768w, http:\/\/www.cameraitalianabarcelona.com\/wp-content\/uploads\/2020\/10\/tech-1536x766.jpeg 1536w, http:\/\/www.cameraitalianabarcelona.com\/wp-content\/uploads\/2020\/10\/tech-330x165.jpeg 330w, http:\/\/www.cameraitalianabarcelona.com\/wp-content\/uploads\/2020\/10\/tech-600x300.jpeg 600w, http:\/\/www.cameraitalianabarcelona.com\/wp-content\/uploads\/2020\/10\/tech-1200x600.jpeg 1200w, http:\/\/www.cameraitalianabarcelona.com\/wp-content\/uploads\/2020\/10\/tech-736x367.jpeg 736w, http:\/\/www.cameraitalianabarcelona.com\/wp-content\/uploads\/2020\/10\/tech-1280x638.jpeg 1280w, http:\/\/www.cameraitalianabarcelona.com\/wp-content\/uploads\/2020\/10\/tech-414x206.jpeg 414w, http:\/\/www.cameraitalianabarcelona.com\/wp-content\/uploads\/2020\/10\/tech.jpeg 1604w\" sizes=\"auto, (max-width: 1024px) 100vw, 1024px\" \/><\/strong><\/p>\n<p style=\"text-align: justify;\"><span style=\"color: #000000;\">Beer&amp;Food Attraction si svolge in contemporanea con <strong>BBTECH Expo<\/strong>, una fiera professionale delle tecnologie che completa l&#8217;intera catena delle bevande con attrezzature e macchinari per la produzione e il confezionamento di birra e bevande. Un formato espositivo innovativo in cui i produttori di macchine e attrezzature trovano opportunit\u00e0 di business sia con le aziende espositrici di birra e bevande che con gli operatori professionali in visita.<\/span><\/p>\n<p style=\"text-align: justify;\"><span style=\"color: #000000;\">Con l&#8217;obiettivo di ampliare le opportunit\u00e0 di business, la <strong>Camera di Commercio Italiana di Barcellona<\/strong> organizza la partecipazione di aziende, istituzioni e associazioni spagnole offrendo un supporto strategico nelle diverse fasi di gestione: prenotazione di spazi, servizi di contracting, facilitazione di accordi. Assistenza in loco durante la fiera con la possibilit\u00e0 di partecipare a concorsi ed eventi.<\/span><\/p>\n<p style=\"text-align: justify;\"><span style=\"color: #000000;\">Ogni espositore avr\u00e0 la possibilit\u00e0 di organizzare incontri diretti con operatori professionali e canali di distribuzione grazie all&#8217;esclusivo <strong>PROGRAMMA HOSTED BUYERS<\/strong>. Attraverso la piattaforma virtuale di Rimini Fiera sar\u00e0 possibile organizzare incontri BtoB gratuiti con gli Importatori di tutto il mondo.<\/span><\/p>\n<p style=\"text-align: justify;\">&nbsp;<\/p>\n<p style=\"text-align: justify;\"><span style=\"color: #000000;\"><strong>PROGRAMMA HOSTED BUYERS<\/strong><\/span><\/p>\n<p style=\"text-align: justify;\"><span style=\"color: #000000;\">La Camera di Commercio Italiana a Barcellona sta organizzando anche la delegazione spagnola di buyers invitati che avranno l&#8217;opportunit\u00e0 di partecipare al Programma Hosted Buyers. Ogni Buyer selezionato potr\u00e0 organizzare gratuitamente la visita, il soggiorno e l&#8217;agenda B2B con espositori internazionali e potr\u00e0 trovare prodotti interessanti e nuovi.<\/span><\/p>\n<p style=\"text-align: justify;\">&nbsp;<\/p>\n<p style=\"text-align: justify;\"><span style=\"color: #000000;\"><strong>Chi pu\u00f2 partecipare?<\/strong><\/span><\/p>\n<p style=\"text-align: justify;\"><span style=\"color: #000000;\">Professionisti con potere d&#8217;acquisto appartenenti a un&#8217;azienda del settore alimentare, della birra e delle bevande di qualit\u00e0.<\/span><\/p>\n<p style=\"text-align: justify;\">&nbsp;<\/p>\n<p style=\"text-align: justify;\"><span style=\"color: #000000;\"><strong>Come iscriversi e partecipare<\/strong><\/span><\/p>\n<p style=\"text-align: justify;\"><span style=\"color: #000000;\">Invia una e-mail a<\/span> <a href=\"mailto:emanuelaesposito@camaraitaliana.com\">emanuelaesposito@camaraitaliana.com<\/a>. <span style=\"color: #000000;\">Riceverai un link per accedere alla piattaforma di registrazione. Il team di B&amp;F Attraction valuter\u00e0 la vostra candidatura. In caso di selezione, riceverete una e-mail con il vostro nome utente e la password per accedere alla vostra pagina personale sulla piattaforma. Attraverso il processo di matching B2B, sceglierai gli espositori di tuo interesse e li contatterai per programmare i tuoi incontri.<\/span><\/p>\n<p style=\"text-align: justify;\">&nbsp;<\/p>\n<p style=\"text-align: justify;\"><span style=\"color: #000000;\">Scaricare:<\/span><\/p>\n<p style=\"text-align: justify;\"><span style=\"color: #000000;\">&#8211; <a href=\"http:\/\/www.cameraitalianabarcelona.com\/wp-content\/uploads\/2020\/10\/b-f_facts-figuresorizzontale21_numeri-46c.pdf\">Fatti e cifre 2021_it<\/a><\/span><\/p>\n<p style=\"text-align: justify;\"><span style=\"color: #000000;\">&#8211; <a href=\"http:\/\/www.cameraitalianabarcelona.com\/scheda-tecnica-ba2021\/\">Scheda tecnica<\/a><\/span><\/p>\n<p style=\"text-align: justify;\"><span style=\"color: #000000;\">&#8211; <a href=\"https:\/\/www.youtube.com\/watch?v=7b2hkLc-oxw&amp;feature=youtu.be\">Video edizione 2020<\/a><\/span><\/p>\n<p>&nbsp;<\/p>\n<p style=\"text-align: center;\"><span style=\"color: #000000;\">Per tutte le informazioni potete contattare:<\/span><\/p>\n<p style=\"text-align: center;\"><span style=\"color: #000000;\"><strong>Emanuela Esposito<\/strong><\/span><\/p>\n<p style=\"text-align: center;\"><span style=\"color: #000000;\">Responsabile del Dipartimento Fiere &#8211; CCIB<\/span><\/p>\n<p style=\"text-align: center;\"><a href=\"mailto:emanuelaesposito@camaraitaliana.com\">emanuelaesposito@camaraitaliana.com<\/a><\/p>\n","protected":false},"excerpt":{"rendered":"<p>BEER&amp;FOOD ATTRACTION e BBTECH EXPO NEL 2021 SARANNO EVENTI 100% DIGITALI Denominazione:&nbsp; BEER&amp;FOOD ATTRACTION, The Eating Out Experience Show&nbsp; Edizione: 7 Frequenza: Annuale Settore: Craft Beers, Speciality Beers, Food, Wine &amp; Spirits, Water &amp; Soft drinks. Si celebra con:&nbsp;BB TECH EXPO, Fiera professionale di tecnologie di birre e bibite Settore: Tecnologie, attrezzature e accessori per [&hellip;]<\/p>\n","protected":false},"author":2,"featured_media":0,"parent":0,"menu_order":0,"comment_status":"closed","ping_status":"closed","template":"","meta":{"_exactmetrics_skip_tracking":false,"_exactmetrics_sitenote_active":false,"_exactmetrics_sitenote_note":"","_exactmetrics_sitenote_category":0,"ngg_post_thumbnail":0,"footnotes":""},"class_list":["post-30356","page","type-page","status-publish","hentry"],"_links":{"self":[{"href":"http:\/\/www.cameraitalianabarcelona.com\/it\/wp-json\/wp\/v2\/pages\/30356","targetHints":{"allow":["GET"]}}],"collection":[{"href":"http:\/\/www.cameraitalianabarcelona.com\/it\/wp-json\/wp\/v2\/pages"}],"about":[{"href":"http:\/\/www.cameraitalianabarcelona.com\/it\/wp-json\/wp\/v2\/types\/page"}],"author":[{"embeddable":true,"href":"http:\/\/www.cameraitalianabarcelona.com\/it\/wp-json\/wp\/v2\/users\/2"}],"replies":[{"embeddable":true,"href":"http:\/\/www.cameraitalianabarcelona.com\/it\/wp-json\/wp\/v2\/comments?post=30356"}],"version-history":[{"count":3,"href":"http:\/\/www.cameraitalianabarcelona.com\/it\/wp-json\/wp\/v2\/pages\/30356\/revisions"}],"predecessor-version":[{"id":32073,"href":"http:\/\/www.cameraitalianabarcelona.com\/it\/wp-json\/wp\/v2\/pages\/30356\/revisions\/32073"}],"wp:attachment":[{"href":"http:\/\/www.cameraitalianabarcelona.com\/it\/wp-json\/wp\/v2\/media?parent=30356"}],"curies":[{"name":"wp","href":"https:\/\/api.w.org\/{rel}","templated":true}]}}