{"id":20553,"date":"2017-02-07T08:57:36","date_gmt":"2017-02-07T08:57:36","guid":{"rendered":"http:\/\/www.cameraitalianabarcelona.com\/tuttofood-2017\/"},"modified":"2017-04-06T11:01:11","modified_gmt":"2017-04-06T11:01:11","slug":"tuttofood-2017","status":"publish","type":"page","link":"http:\/\/www.cameraitalianabarcelona.com\/it\/tuttofood-2017\/","title":{"rendered":"TUTTOFOOD 2017"},"content":{"rendered":"<p>&nbsp;<\/p>\n<p><span style=\"color: #000000;\"><strong><a href=\"http:\/\/www.cameraitalianabarcelona.com\/wp-content\/uploads\/2011\/09\/tuttofood-2017.jpg\"><img loading=\"lazy\" decoding=\"async\" class=\"aligncenter wp-image-19425\" src=\"http:\/\/www.cameraitalianabarcelona.com\/wp-content\/uploads\/2011\/09\/tuttofood-2017.jpg\" alt=\"\" width=\"399\" height=\"382\" srcset=\"http:\/\/www.cameraitalianabarcelona.com\/wp-content\/uploads\/2011\/09\/tuttofood-2017.jpg 482w, http:\/\/www.cameraitalianabarcelona.com\/wp-content\/uploads\/2011\/09\/tuttofood-2017-300x288.jpg 300w, http:\/\/www.cameraitalianabarcelona.com\/wp-content\/uploads\/2011\/09\/tuttofood-2017-271x260.jpg 271w, http:\/\/www.cameraitalianabarcelona.com\/wp-content\/uploads\/2011\/09\/tuttofood-2017-432x414.jpg 432w, http:\/\/www.cameraitalianabarcelona.com\/wp-content\/uploads\/2011\/09\/tuttofood-2017-414x397.jpg 414w\" sizes=\"auto, (max-width: 399px) 100vw, 399px\" \/><\/a><\/strong><\/span><\/p>\n<p>&nbsp;<\/p>\n<p>&nbsp;<\/p>\n<p>&nbsp;<\/p>\n<p><span style=\"color: #000000;\"><strong>Settore:\u00a0<\/strong>Food &amp; beverage<\/span><\/p>\n<p><span style=\"color: #000000;\"><strong>Luogo: <\/strong>Milano<\/span><\/p>\n<p><span style=\"color: #000000;\"><strong>Da:\u00a0<\/strong>08\/05\/2017<\/span><\/p>\n<p><span style=\"color: #000000;\"><strong>Al:\u00a0<\/strong>11\/05\/2017<\/span><\/p>\n<p><span style=\"color: #000000;\"><strong>Frequenza: <\/strong>Biennale<\/span><\/p>\n<p><span style=\"color: #000000;\"><strong>Visitatori:\u00a0<\/strong>Operatori Professionali<\/span><\/p>\n<p><span style=\"color: #000000;\"><strong>Contatto:\u00a0<\/strong>CCIB \u2013 Emanuela Esposito<\/span><\/p>\n<p><span style=\"color: #000000;\"><strong>Telefono:\u00a0+<\/strong>34 93 318 4999<\/span><\/p>\n<p><span style=\"color: #000000;\"><strong>Email:<\/strong>\u00a0<a style=\"color: #000000;\" href=\"mailto:emanuelaesposito@camaraitaliana.com\" target=\"_blank\">emanuelaesposito@camaraitaliana.com<\/a><\/span><\/p>\n<p><span style=\"color: #000000;\"><strong>Web:\u00a0<\/strong><a style=\"color: #000000;\" href=\"http:\/\/www.tuttofood.it\" target=\"_blank\">http:\/\/www.tuttofood.it<\/a><\/span><\/p>\n<p><span style=\"color: #000000;\"><strong>Organizzatore: <\/strong>Fiera Milano<\/span><\/p>\n<p>&nbsp;<\/p>\n<p style=\"text-align: justify;\"><span style=\"color: #000000;\"><strong>TUTTOFOOD, <\/strong>organizzata da Fiera Milano,\u00a0\u00e8 la fiera internazionale del B2B pi\u00f9 importante nel campo dell&#8217;industria alimentare in Italia. In sole cinque edizioni si \u00e8 trasformata nello scenario perfetto per la presentazione di innumerevoli prodotti, al mercato nazionale e internazionale. Con pi\u00f9 di 2000 espositori in rappresentanza di tutte le aziende internazionali leader nel loro ambito di riferimento, 50.210 visitatori professionali, il 40 % dei quali stranieri provenienti da 122 paesi differenti, TUTTOFOOD si configura come l&#8217;unica manifestazione del settore, all&#8217;interno del panorama italiano, capace di volgere lo sguardo all&#8217;esterno. TUTTOFOOD \u00e8 un evento che punta ad integrare le necessit\u00e0 delle aziende internazionali, desiderose di entrare a far parte del mercato italiano, con quelle delle imprese locali, che vedono nell&#8217;esportazione un occasione di sviluppo per i propri affari. Una vetrina efficiente in cui mettere in gioco le idee pi\u00f9 innovative e le esperienze delle aziende pi\u00fa disparate.\u00a0<\/span><\/p>\n<p style=\"text-align: justify;\"><span style=\"color: #000000;\">La CCIB seleziona le migliori imprese che si dedicano all&#8217;importazione e organizza la partecipazione della delegazione spagnola di Buyers. \u00a0Ciascun Hosted Buyer avr\u00e0 il privilegio di organizzare gratuitamente la visita, la permanenza e l&#8217;agenda BtoB con gli espositori internazionali, attraverso\u00a0<strong>EMP-EXPO MATCHING PROGRAM<\/strong>, la piattaforma virtuale che consentir\u00e0 loro di entrare direttamente in contatto con gli espositori prima dell&#8217;inizio della fiera.<\/span><\/p>\n<p style=\"text-align: justify;\"><span style=\"color: #000000;\">Nuove tendenze, lanci di prodotti innovativi, show-cooking e concorsi andranno ad arricchire il programma dell&#8217;evento.<\/span><\/p>\n<p><span style=\"color: #000000;\">\u00a0<\/span><\/p>\n<p><span style=\"color: #000000;\"><strong>Per maggiori informazioni contattare:<\/strong><\/span><\/p>\n<p><strong style=\"color: #000000;\">Emanuela Esposito \u2013 CCIB<\/strong><\/p>\n<p><span style=\"color: #000000;\"> <strong>Resp. Dipartimento Fiere<\/strong><\/span><\/p>\n<p><span style=\"text-decoration: underline; color: #000000;\"><a style=\"color: #000000; text-decoration: underline;\" href=\"mailto:emanuelaesposito@camaraitalia.com\" target=\"_blank\">emanuelaesposito@camaraitaliana.com<\/a><\/span><\/p>\n<p><span style=\"color: #000000;\">Tel.\u00a0+34 93 318 4999<\/span><\/p>\n<p>&nbsp;<\/p>\n<p><span style=\"color: #000000;\"><strong>Scarica la brochure:<\/strong><\/span><\/p>\n<ul>\n<li><span style=\"text-decoration: underline; color: #000000;\"><strong><a style=\"color: #000000; text-decoration: underline;\" href=\"http:\/\/www.cameraitalianabarcelona.com\/wp-content\/uploads\/2017\/02\/BROCHURE-2017_ita_0-1.pdf\">CATALOGO TUTTOFOOD 2017<\/a><\/strong><\/span><\/li>\n<\/ul>\n","protected":false},"excerpt":{"rendered":"<p>&nbsp; &nbsp; &nbsp; &nbsp; Settore:\u00a0Food &amp; beverage Luogo: Milano Da:\u00a008\/05\/2017 Al:\u00a011\/05\/2017 Frequenza: Biennale Visitatori:\u00a0Operatori Professionali Contatto:\u00a0CCIB \u2013 Emanuela Esposito Telefono:\u00a0+34 93 318 4999 Email:\u00a0emanuelaesposito@camaraitaliana.com Web:\u00a0http:\/\/www.tuttofood.it Organizzatore: Fiera Milano &nbsp; TUTTOFOOD, organizzata da Fiera Milano,\u00a0\u00e8 la fiera internazionale del B2B pi\u00f9 importante nel campo dell&#8217;industria alimentare in Italia. In sole cinque edizioni si \u00e8 trasformata nello [&hellip;]<\/p>\n","protected":false},"author":2,"featured_media":0,"parent":0,"menu_order":0,"comment_status":"closed","ping_status":"closed","template":"","meta":{"_exactmetrics_skip_tracking":false,"_exactmetrics_sitenote_active":false,"_exactmetrics_sitenote_note":"","_exactmetrics_sitenote_category":0,"ngg_post_thumbnail":0,"footnotes":""},"class_list":["post-20553","page","type-page","status-publish","hentry"],"_links":{"self":[{"href":"http:\/\/www.cameraitalianabarcelona.com\/it\/wp-json\/wp\/v2\/pages\/20553","targetHints":{"allow":["GET"]}}],"collection":[{"href":"http:\/\/www.cameraitalianabarcelona.com\/it\/wp-json\/wp\/v2\/pages"}],"about":[{"href":"http:\/\/www.cameraitalianabarcelona.com\/it\/wp-json\/wp\/v2\/types\/page"}],"author":[{"embeddable":true,"href":"http:\/\/www.cameraitalianabarcelona.com\/it\/wp-json\/wp\/v2\/users\/2"}],"replies":[{"embeddable":true,"href":"http:\/\/www.cameraitalianabarcelona.com\/it\/wp-json\/wp\/v2\/comments?post=20553"}],"version-history":[{"count":3,"href":"http:\/\/www.cameraitalianabarcelona.com\/it\/wp-json\/wp\/v2\/pages\/20553\/revisions"}],"predecessor-version":[{"id":20572,"href":"http:\/\/www.cameraitalianabarcelona.com\/it\/wp-json\/wp\/v2\/pages\/20553\/revisions\/20572"}],"wp:attachment":[{"href":"http:\/\/www.cameraitalianabarcelona.com\/it\/wp-json\/wp\/v2\/media?parent=20553"}],"curies":[{"name":"wp","href":"https:\/\/api.w.org\/{rel}","templated":true}]}}